{"id":74,"date":"2015-09-28T12:06:58","date_gmt":"2015-09-28T16:06:58","guid":{"rendered":"http:\/\/www.consentfilm.org\/?page_id=74"},"modified":"2016-06-07T09:44:56","modified_gmt":"2016-06-07T13:44:56","slug":"events","status":"publish","type":"page","link":"https:\/\/www.consentfilm.org\/fr\/events\/","title":{"rendered":"\u00c9v\u00e9nements"},"content":{"rendered":"<p><a href=\"https:\/\/flic.kr\/s\/aHskq79miN\" target=\"_blank\">PHOTOS DES \u00c9V\u00c9NEMENTS<\/a><\/p>\n<hr \/>\n<p><em>\u00c9v\u00e9nements pr\u00e9c\u00e9dents :<\/em><\/p>\n<ul>\n<li>New York, NY : lundi, le 6 juin, 2016, dans la Salle\u00a0Cooper Union Frederick P. Rose,\u00a041 Cooper Sq. La r\u00e9ception est\u00a0\u00e0 17 h\u00a030 suivie de\u00a0la projection \u00e0 18 h 30. L\u2019entr\u00e9e est gratuite et cet \u00e9v\u00e9nement est ouvert au public. Inscrivez-vous <a href=\"http:\/\/bit.ly\/consent-nyc\" target=\"_blank\">ici<\/a>.<\/li>\n<li>Peterborough, ON : mercredi, le 1 juin, 2016, 19 h 00 \u00e0 Artspace, 378, rue Aylmer Nord. Ceci est un \u00e9v\u00e9nement avant le d\u00e9but de la Conf\u00e9rence sur le\u00a0consentement sexuel. L\u2019entr\u00e9e est gratuite et cet \u00e9v\u00e9nement est ouvert au public.\u00a0\u00c9v\u00e9nement Facebook\u00a0<a href=\"https:\/\/www.facebook.com\/events\/857930131002103\/\" target=\"_blank\">ici<\/a>.<\/li>\n<li>Huntsville, AL : mardi, le 17 mai, 2016 \u00e0 21 h 00 au conf\u00e9rence\u00a0<a href=\"http:\/\/www.hivisnotacrime.com\/program.html\" target=\"_blank\">HIV is Not a Crime II Training Academy<\/a>.<\/li>\n<li>Buffalo, NY : vendredi, le 25 mars 2016 \u00e0 19 h 00, Dreamland Art Studio (387, rue Franklin). Ouvert au public. \u00c9v\u00e9nement Facebook <a href=\"ttps:\/\/www.facebook.com\/events\/1652536578342319\/\" target=\"_blank\">ici<\/a>.<\/li>\n<li>Montr\u00e9al, QC : jeudi, le 18 f\u00e9vrier 2016 \u00e0 19 h 00, Universit\u00e9 Concordia dans le Cin\u00e9ma de S\u00e8ve, 1400 de Maisoneuve ouest. Pr\u00e9sent\u00e9 par la\u00a0<a href=\"https:\/\/www.facebook.com\/events\/973107859425033\/\" target=\"_blank\">s\u00e9ri\u00e9 de conferences sur le VIH\/sida de Concordia<\/a>. L\u2019entr\u00e9e est gratuite et cet \u00e9v\u00e9nement est ouvert au public.<\/li>\n<li>Ottawa, ON : mercredi, le 17 f\u00e9vrier\u00a02016\u00a0\u00e0 19 h 00, Universit\u00e9\u00a0St Paul&rsquo;s, dans l&rsquo;auditorium, 223, rue Main. Pr\u00e9sent\u00e9 par\u00a0<a href=\"https:\/\/www.facebook.com\/events\/1683065891936715\/\">Snowblower<\/a> (organis\u00e9\u00a0par le Comit\u00e9 du sida d&rsquo;Ottawa). L\u2019entr\u00e9e est gratuite et cet \u00e9v\u00e9nement est ouvert au public.<\/li>\n<li>Winnipeg, MB : jeudi, le 28 janvier 2016 \u00e0 18 h 30, Universit\u00e9 de Winnipeg, Eckhardt Gramatte Hall,\u00a0515, avenue Portage. Pr\u00e9sent\u00e9 par <a href=\"https:\/\/www.facebook.com\/events\/451624858375329\/\">Genderfest Winnipeg<\/a>. L\u2019entr\u00e9e est gratuite et cet \u00e9v\u00e9nement est ouvert au public.<\/li>\n<li>Montr\u00e9al, QC : mardi, le 1er d\u00e9cembre 2015 \u00e0 19 h 00 au\u00a0Pavillon Judith Jasmin Annexe (JE), Universit\u00e9 du Qu\u00e9bec \u00e0 Montr\u00e9al (UQAM),\u00a01564, rue Saint-Denis. R\u00e9servez votre billet\u00a0au\u00a0<a href=\"http:\/\/bit.ly\/consent-MTL\" target=\"_blank\">http:\/\/bit.ly\/consent-MTL<\/a>.<\/li>\n<li>Edmonton, AB: mardi, le 1er d\u00e9cembre 2015 \u00e0 19 h 00\u00a0\u00e0 Latitude 53 Contemporary Visual Culture (10242 &#8211; 106 Street)<\/li>\n<li>Toronto, ON : jeudi, le 26 novembre 2015 \u00e0 19 h 00 dans la salle Jackman, Galerie des beaux-arts d&rsquo;Ontario (317 rue Dundas ouest.) R\u00e9servez votre billet au\u00a0<a href=\"http:\/\/bit.ly\/consent-TO\" target=\"_blank\">http:\/\/bit.ly\/consent-TO<\/a>.<\/li>\n<li>Vancouver, C-B : jeudi, le 22 octobre 2015, 19 h 30 au Fletcher Challenge Theatre (515, rue West Hastings.) Les billets co\u00fbtent 5$ et vous pouvez les acheter ici : <a href=\"http:\/\/bit.ly\/consentvan\" target=\"_blank\">http:\/\/bit.ly\/consentvan<\/a>.<\/li>\n<li><a href=\"http:\/\/thelowdownunder.com\/2015\/11\/13\/the-hiv-outrage-justice-film-festival-2015-announces-line-up\/\" target=\"_blank\">HIV Outrage Justice Film Festival<\/a>\u00a0\u00e0 Melbourne, Australie : samedi, le 28 novembre 2015 \u00e0 19 h 00<\/li>\n<\/ul>\n<p><\/p>","protected":false},"excerpt":{"rendered":"<p>PHOTOS DES \u00c9V\u00c9NEMENTS \u00c9v\u00e9nements pr\u00e9c\u00e9dents : New York, NY : lundi, le 6 juin, 2016, dans la Salle\u00a0Cooper Union Frederick P. Rose,\u00a041 Cooper Sq. La r\u00e9ception est\u00a0\u00e0 17 h\u00a030 suivie de\u00a0la projection \u00e0 18 h 30. L\u2019entr\u00e9e est gratuite et cet \u00e9v\u00e9nement est ouvert au public. Inscrivez-vous ici. Peterborough, ON : mercredi, le 1 juin, [&hellip;]<\/p>\n","protected":false},"author":1,"featured_media":0,"parent":0,"menu_order":6,"comment_status":"closed","ping_status":"closed","template":"","meta":{"footnotes":""},"class_list":["post-74","page","type-page","status-publish","hentry"],"_links":{"self":[{"href":"https:\/\/www.consentfilm.org\/fr\/wp-json\/wp\/v2\/pages\/74","targetHints":{"allow":["GET"]}}],"collection":[{"href":"https:\/\/www.consentfilm.org\/fr\/wp-json\/wp\/v2\/pages"}],"about":[{"href":"https:\/\/www.consentfilm.org\/fr\/wp-json\/wp\/v2\/types\/page"}],"author":[{"embeddable":true,"href":"https:\/\/www.consentfilm.org\/fr\/wp-json\/wp\/v2\/users\/1"}],"replies":[{"embeddable":true,"href":"https:\/\/www.consentfilm.org\/fr\/wp-json\/wp\/v2\/comments?post=74"}],"version-history":[{"count":31,"href":"https:\/\/www.consentfilm.org\/fr\/wp-json\/wp\/v2\/pages\/74\/revisions"}],"predecessor-version":[{"id":244,"href":"https:\/\/www.consentfilm.org\/fr\/wp-json\/wp\/v2\/pages\/74\/revisions\/244"}],"wp:attachment":[{"href":"https:\/\/www.consentfilm.org\/fr\/wp-json\/wp\/v2\/media?parent=74"}],"curies":[{"name":"wp","href":"https:\/\/api.w.org\/{rel}","templated":true}]}}