{"id":51,"date":"2015-09-23T18:27:42","date_gmt":"2015-09-23T22:27:42","guid":{"rendered":"http:\/\/www.consentfilm.org\/consent-film\/?page_id=51"},"modified":"2020-10-07T23:35:16","modified_gmt":"2020-10-08T03:35:16","slug":"about-the-filmmakers","status":"publish","type":"page","link":"https:\/\/www.consentfilm.org\/fr\/about-the-filmmakers\/","title":{"rendered":"\u00c0 propos des cin\u00e9astes"},"content":{"rendered":"<p><\/p>\n<h2>Au sujet du R\u00e9seau juridique VIH<\/h2>\n<p><img loading=\"lazy\" decoding=\"async\" class=\"alignright wp-image-261\" src=\"http:\/\/www.consentfilm.org\/consent-film\/wp-content\/uploads\/2020\/10\/hiv-legal-network-reseau-juridique-vih-logo-new.jpg\" alt=\"Le R\u00e9seau juridique VIH\" width=\"200\" height=\"113\" srcset=\"https:\/\/www.consentfilm.org\/consent-film\/wp-content\/uploads\/2020\/10\/hiv-legal-network-reseau-juridique-vih-logo-new.jpg 380w, https:\/\/www.consentfilm.org\/consent-film\/wp-content\/uploads\/2020\/10\/hiv-legal-network-reseau-juridique-vih-logo-new-300x169.jpg 300w\" sizes=\"auto, (max-width: 200px) 100vw, 200px\" \/>Le R\u00e9seau juridique VIH (<a href=\"http:\/\/www.hivlegalnetwork.ca\/site\/?lang=fr\" target=\"_blank\" rel=\"noopener noreferrer\">www.hivlegalnetwork.ca<\/a>) \u0153uvre \u00e0 la promotion des droits\u00a0humains des personnes vivant avec le VIH\/sida ou vuln\u00e9rables au VIH, au Canada et\u00a0dans le monde, \u00e0 l\u2019aide de recherches et d\u2019analyses, de plaidoyer et d\u2019actions en contentieux, d\u2019\u00e9ducation du public et de mobilisation communautaire. Le R\u00e9seau juridique est l\u2019organisme chef de file au Canada sur les enjeux juridiques et de droits de la personne li\u00e9s au VIH\/sida. Il est aussi le fier producteur ex\u00e9cutif de\u00a0<em>Consentement\u00a0: La non-divulgation du VIH et la loi sur l\u2019agression sexuelle<\/em>.\u00a0Deux membres de l\u2019\u00e9quipe du R\u00e9seau juridique \u2014 <a href=\"http:\/\/www.aidslaw.ca\/site\/alison-symington\/?lang=fr\">Alison Symington<\/a> (codirectrice de la recherche et du plaidoyer) et <a href=\"http:\/\/www.aidslaw.ca\/site\/janet-butler-mcphee\/?lang=fr\">Janet Butler-McPhee<\/a> (directrice des communications et du plaidoyer) \u2014 ont agi comme coproductrices du film au nom de l\u2019organisme (avec Alison Duke).<\/p>\n<h2>Au sujet d\u2019Alison Duke<\/h2>\n<p><img loading=\"lazy\" decoding=\"async\" class=\"size-full wp-image-77 alignright\" src=\"http:\/\/www.consentfilm.org\/consent-film\/wp-content\/uploads\/2015\/09\/alison-duke.jpg\" alt=\"Alison Duke\" width=\"200\" height=\"200\" srcset=\"https:\/\/www.consentfilm.org\/consent-film\/wp-content\/uploads\/2015\/09\/alison-duke.jpg 200w, https:\/\/www.consentfilm.org\/consent-film\/wp-content\/uploads\/2015\/09\/alison-duke-150x150.jpg 150w\" sizes=\"auto, (max-width: 200px) 100vw, 200px\" \/>Cin\u00e9aste ind\u00e9pendante prim\u00e9e, Alison Duke a fond\u00e9 Goldelox Productions \u2014 une bo\u00eete sp\u00e9cialis\u00e9e en production cin\u00e9matographique, vid\u00e9o et multim\u00e9dia \u2014 en <strong>2001<\/strong>. Directrice cr\u00e9ative de sa compagnie, elle d\u00e9tient plus de dix ann\u00e9es d\u2019exp\u00e9rience en production et r\u00e9alisation. T\u00eate d\u2019affiche de son domaine, elle donne une <strong>touche \u00e9lectrique<\/strong> \u00e0 son travail, en int\u00e9grant diverses comp\u00e9tences dans chacune de ses productions, notamment dans la pr\u00e9sentation et le d\u00e9veloppement de marque de produits de divertissement. Ses films ont \u00e9t\u00e9 diffus\u00e9s sur diverses cha\u00eenes sp\u00e9cialis\u00e9es, priv\u00e9es et publiques, notamment<strong> Superchannel, TVO, Sundance Channel, CBC Newsworld, Much Music, MuchMoreMusic, BET, Rogers Television, TVOne, Encore, Black Starz, Oxygen, LIFE Network<\/strong> et <strong>OMNI1<\/strong>. Alison a travaill\u00e9 \u00e0 plusieurs productions informatives command\u00e9es par d\u2019\u00e9minents organismes, de m\u00eame qu\u2019\u00e0 des productions g\u00e9n\u00e9ralistes plus cr\u00e9atives. D\u2019autres renseignements sont accessibles \u00e0 <a href=\"http:\/\/www.alisonduke.com\" target=\"_blank\" rel=\"noopener noreferrer\">www.alisonduke.com<\/a>.<\/p>\n<h2>Au sujet d\u2019Eugene Weis<\/h2>\n<h2><img loading=\"lazy\" decoding=\"async\" class=\"size-full wp-image-138 alignright\" src=\"http:\/\/www.consentfilm.org\/consent-film\/wp-content\/uploads\/2015\/09\/EugeneWeis.jpeg\" alt=\"EugeneWeis\" width=\"200\" height=\"200\" srcset=\"https:\/\/www.consentfilm.org\/consent-film\/wp-content\/uploads\/2015\/09\/EugeneWeis.jpeg 200w, https:\/\/www.consentfilm.org\/consent-film\/wp-content\/uploads\/2015\/09\/EugeneWeis-150x150.jpeg 150w\" sizes=\"auto, (max-width: 200px) 100vw, 200px\" \/><\/h2>\n<p>Eugene Weis travaille comme monteur dans l\u2019industrie du cin\u00e9ma depuis dix ans, aupr\u00e8s de grands r\u00e9alisateurs et professionnels de l\u2019industrie cin\u00e9matographique canadienne. Son plus r\u00e9cent projet comme monteur, <strong><em>Milk<\/em><\/strong>, a \u00e9t\u00e9 pr\u00e9sent\u00e9 en premi\u00e8re \u00e0 Hotdocs 2015, \u00e0 Toronto, et en candidature pour le prix du meilleur long-m\u00e9trage documentaire au Hollywood Film Festival de 2015. Weis a \u00e9galement fait le montage de <strong><em>The Poet of Havana<\/em><\/strong>, pr\u00e9sent\u00e9 sur HBO Latino \u00e0 l\u2019\u00e9chelle \u00e9tatsunienne en octobre 2015. <strong><em>Who The F**K Is Arthur Fogel<\/em><\/strong> a valu \u00e0 Eugene une candidature pour le titre de \u00ab\u00a0meilleur monteur de film\u00a0\u00bb\u00a0de l\u2019Acad\u00e9mie canadienne du cin\u00e9ma et de la t\u00e9l\u00e9vision (2015); le film a \u00e9t\u00e9 diffus\u00e9 sur HBO Canada et est offert sur Netflix. D\u2019autres titres de sa filmographie incluent <strong><em>Femmes et s\u00e9ropositives\u00a0: d\u00e9non\u00e7ons l\u2019injustice <\/em><\/strong>avec la productrice et r\u00e9alisatrice Alison Duke, un film exposant les faits de la criminalisation des femmes vivant avec le VIH au Canada; <strong><em>Desert Riders<\/em><\/strong>, r\u00e9alis\u00e9 par Vic Sarin, une exploration de l\u2019enjeu controvers\u00e9 de la traite d\u2019enfants aux \u00c9mirats arabes unis; <strong><em>Teaching the Life of Music<\/em><\/strong>, r\u00e9alis\u00e9 par David New, qui examine l\u2019\u00e9ducation musicale comme forme d\u2019intervention pour joindre des enfants vivant dans la pauvret\u00e9; <strong><em>Let&rsquo;s Talk About It<\/em><\/strong>, qui a offert \u00e0 Weis l\u2019occasion de travailler avec la r\u00e9alisatrice Deepa Mehta, en lice pour un Academy Award; ainsi que <strong><em>The Forgotten Woman<\/em><\/strong>, qui a \u00e9t\u00e9 couronn\u00e9 meilleur documentaire au Hollywood Film Festival en 2008. Des exemples de ses travaux peuvent \u00eatre visionn\u00e9s \u00e0 la page <a href=\"https:\/\/vimeo.com\/user18316233\">https:\/\/vimeo.com\/user18316233<\/a>.<\/p>\n<p>&nbsp;<\/p>","protected":false},"excerpt":{"rendered":"<p>Au sujet du R\u00e9seau juridique VIH Le R\u00e9seau juridique VIH (www.hivlegalnetwork.ca) \u0153uvre \u00e0 la promotion des droits\u00a0humains des personnes vivant avec le VIH\/sida ou vuln\u00e9rables au VIH, au Canada et\u00a0dans le monde, \u00e0 l\u2019aide de recherches et d\u2019analyses, de plaidoyer et d\u2019actions en contentieux, d\u2019\u00e9ducation du public et de mobilisation communautaire. Le R\u00e9seau juridique est [&hellip;]<\/p>\n","protected":false},"author":1,"featured_media":0,"parent":0,"menu_order":21,"comment_status":"closed","ping_status":"closed","template":"","meta":{"footnotes":""},"class_list":["post-51","page","type-page","status-publish","hentry"],"_links":{"self":[{"href":"https:\/\/www.consentfilm.org\/fr\/wp-json\/wp\/v2\/pages\/51","targetHints":{"allow":["GET"]}}],"collection":[{"href":"https:\/\/www.consentfilm.org\/fr\/wp-json\/wp\/v2\/pages"}],"about":[{"href":"https:\/\/www.consentfilm.org\/fr\/wp-json\/wp\/v2\/types\/page"}],"author":[{"embeddable":true,"href":"https:\/\/www.consentfilm.org\/fr\/wp-json\/wp\/v2\/users\/1"}],"replies":[{"embeddable":true,"href":"https:\/\/www.consentfilm.org\/fr\/wp-json\/wp\/v2\/comments?post=51"}],"version-history":[{"count":21,"href":"https:\/\/www.consentfilm.org\/fr\/wp-json\/wp\/v2\/pages\/51\/revisions"}],"predecessor-version":[{"id":263,"href":"https:\/\/www.consentfilm.org\/fr\/wp-json\/wp\/v2\/pages\/51\/revisions\/263"}],"wp:attachment":[{"href":"https:\/\/www.consentfilm.org\/fr\/wp-json\/wp\/v2\/media?parent=51"}],"curies":[{"name":"wp","href":"https:\/\/api.w.org\/{rel}","templated":true}]}}