{"id":49,"date":"2015-09-23T18:26:05","date_gmt":"2015-09-23T22:26:05","guid":{"rendered":"http:\/\/www.consentfilm.org\/consent-film\/?page_id=49"},"modified":"2016-03-09T17:36:06","modified_gmt":"2016-03-09T22:36:06","slug":"about-the-film","status":"publish","type":"page","link":"https:\/\/www.consentfilm.org\/fr\/about-the-film\/","title":{"rendered":"\u00c0 propos du film"},"content":{"rendered":"<p><\/p>\n<h2><strong>\u00c0 propos de<\/strong><em><strong> Consentement\u00a0:<\/strong><\/em><\/h2>\n<p>En avril 2014, le R\u00e9seau juridique canadien VIH\/sida a convoqu\u00e9 d\u2019\u00e9minentes universitaires f\u00e9ministes, des intervenants de premi\u00e8re ligne, des activistes et des experts juridiques \u00e0 un dialogue avant-gardiste sur l\u2019utilisation malavis\u00e9e des lois relatives \u00e0 l\u2019agression sexuelle dans les affaires de non-divulgation du VIH. Les conclusions du dialogue d\u00e9montrent que cette approche exag\u00e8re la port\u00e9e du droit criminel au d\u00e9triment des personnes vivant avec le VIH et compromet les d\u00e9finitions l\u00e9gales du consentement, durement gagn\u00e9es, qui visent \u00e0 prot\u00e9ger l\u2019\u00e9galit\u00e9 et l\u2019autonomie sexuelle des femmes.<\/p>\n<ul>\n<li><a href=\"http:\/\/www.consentfilm.org\/consent-film\/wp-content\/uploads\/2015\/09\/consentement-bios-des-participants.pdf\" target=\"_blank\">Lisez les biographies des expertes apparaissant dans <em>Consentement<\/em><\/a><em>.<\/em><\/li>\n<li><a href=\"http:\/\/www.consentfilm.org\/consent-film\/wp-content\/uploads\/2016\/03\/consent_workshop_FR_feb25.pdf\">Lisez \u00ab Repenser la non-divulgation du VIH et l\u2019agression sexuelle \u00bb\u00a0: un\u00a0rapport de r\u00e9union<\/a>.<\/li>\n<\/ul>\n<p>Afin de partager cette analyse et de susciter d\u2019autres discussions, le R\u00e9seau juridique, conjointement \u00e0 Goldelox Productions, a produit le court-m\u00e9trage <em>Consentement\u00a0: La non-divulgation du VIH et la loi sur l\u2019agression sexuelle <\/em>(2015). Ce film documentaire de 28\u00a0minutes met en vedette huit \u00e9minentes expertes du VIH, de l\u2019agression sexuelle et du droit. Leurs commentaires traitent de d\u00e9veloppements juridiques controvers\u00e9s en mati\u00e8re de VIH, au Canada, o\u00f9 une personne vivant avec le VIH peut \u00eatre poursuivie pour agression sexuelle grave si elle ne divulgue pas sa s\u00e9ropositivit\u00e9 au VIH avant d\u2019avoir des rapports sexuels dans certaines circonstances. Leurs commentaires puissants et incisifs mettent en relief l\u2019intersection probl\u00e9matique de la loi sur l\u2019agression sexuelle et de la criminalisation de la non-divulgation du VIH. Le film cherche \u00e0 \u00e9lucider si la criminalisation de la non-divulgation du VIH prot\u00e8ge l\u2019autonomie sexuelle et la dignit\u00e9, comme le pr\u00e9tend la Cour supr\u00eame, ou si elle constitue une injustice \u00e0 l\u2019\u00e9gard des individus accus\u00e9s et dans l\u2019approche de notre syst\u00e8me judiciaire \u00e0 la violence sexuelle.<\/p>\n<p>\u00c0 l\u2019heure o\u00f9 la soci\u00e9t\u00e9 semble prendre de plus en plus au s\u00e9rieux la pr\u00e9valence de la violence sexuelle et la culture du viol, le film ose poser des questions difficiles sur les limites de la loi. La loi sur l\u2019agression sexuelle vise \u00e0 prot\u00e9ger l\u2019autonomie sexuelle, l\u2019\u00e9galit\u00e9 et la dignit\u00e9 des femmes; or, dans le contexte d\u2019all\u00e9gations de non-divulgation du VIH, ces valeurs ne sont pas n\u00e9cessairement mises de l\u2019avant. \u00c0 l\u2019aide de t\u00e9moignages d\u2019experts, <em>Consentement<\/em> jette un \u00e9clairage sur les obstacles syst\u00e9miques que les femmes rencontrent dans la divulgation de leur s\u00e9ropositivit\u00e9 au VIH ainsi que sur les cons\u00e9quences dangereuses pour la sant\u00e9 et les droits humains d\u2019une accusation aussi s\u00e9v\u00e8re que l\u2019agression sexuelle grave en cas de non-divulgation du VIH; en outre, il fait valoir l\u2019argument que la loi doit mieux prot\u00e9ger les personnes vivant avec le VIH et vuln\u00e9rables \u00e0 celui-ci. <em>Consentement<\/em> d\u00e9montre que les efforts du plaidoyer contre la criminalisation excessive de la non-divulgation du VIH doivent aborder le recours \u00e0 la loi sur l\u2019agression sexuelle et \u00eatre d\u00e9ploy\u00e9s en collaboration avec des alli\u00e9es f\u00e9ministes.<\/p>\n<p><a href=\"http:\/\/www.consentfilm.org\/consent-film\/wp-content\/uploads\/2016\/02\/DVD-order_form-FRA_Feb20161.pdf\" target=\"_blank\"><img loading=\"lazy\" decoding=\"async\" class=\"alignnone size-full wp-image-203\" src=\"http:\/\/www.consentfilm.org\/consent-film\/wp-content\/uploads\/2015\/09\/Formulaire.jpg\" alt=\"Formulaire\" width=\"169\" height=\"55\" \/><\/a><\/p>","protected":false},"excerpt":{"rendered":"<p>\u00c0 propos de Consentement\u00a0: En avril 2014, le R\u00e9seau juridique canadien VIH\/sida a convoqu\u00e9 d\u2019\u00e9minentes universitaires f\u00e9ministes, des intervenants de premi\u00e8re ligne, des activistes et des experts juridiques \u00e0 un dialogue avant-gardiste sur l\u2019utilisation malavis\u00e9e des lois relatives \u00e0 l\u2019agression sexuelle dans les affaires de non-divulgation du VIH. Les conclusions du dialogue d\u00e9montrent que cette [&hellip;]<\/p>\n","protected":false},"author":1,"featured_media":0,"parent":0,"menu_order":18,"comment_status":"closed","ping_status":"closed","template":"","meta":{"footnotes":""},"class_list":["post-49","page","type-page","status-publish","hentry"],"_links":{"self":[{"href":"https:\/\/www.consentfilm.org\/fr\/wp-json\/wp\/v2\/pages\/49","targetHints":{"allow":["GET"]}}],"collection":[{"href":"https:\/\/www.consentfilm.org\/fr\/wp-json\/wp\/v2\/pages"}],"about":[{"href":"https:\/\/www.consentfilm.org\/fr\/wp-json\/wp\/v2\/types\/page"}],"author":[{"embeddable":true,"href":"https:\/\/www.consentfilm.org\/fr\/wp-json\/wp\/v2\/users\/1"}],"replies":[{"embeddable":true,"href":"https:\/\/www.consentfilm.org\/fr\/wp-json\/wp\/v2\/comments?post=49"}],"version-history":[{"count":17,"href":"https:\/\/www.consentfilm.org\/fr\/wp-json\/wp\/v2\/pages\/49\/revisions"}],"predecessor-version":[{"id":227,"href":"https:\/\/www.consentfilm.org\/fr\/wp-json\/wp\/v2\/pages\/49\/revisions\/227"}],"wp:attachment":[{"href":"https:\/\/www.consentfilm.org\/fr\/wp-json\/wp\/v2\/media?parent=49"}],"curies":[{"name":"wp","href":"https:\/\/api.w.org\/{rel}","templated":true}]}}