{"id":47,"date":"2015-09-23T18:23:50","date_gmt":"2015-09-23T22:23:50","guid":{"rendered":"http:\/\/www.consentfilm.org\/consent-film\/?page_id=47"},"modified":"2020-10-07T23:28:06","modified_gmt":"2020-10-08T03:28:06","slug":"resources-and-publications","status":"publish","type":"page","link":"https:\/\/www.consentfilm.org\/fr\/resources-and-publications\/","title":{"rendered":"Ressources et publications"},"content":{"rendered":"<p><strong><span class=\"hps\">Ressources connexes au<\/span>\u00a0film\u00a0<em>Consentement\u00a0<\/em>:<\/strong><\/p>\n<ul>\n<li><em><a href=\"http:\/\/www.consentfilm.org\/consent-film\/wp-content\/uploads\/2015\/09\/consent_disc_guide_FINAL_FR.pdf\">Consentement : Guide de discussion communautaire<\/a><\/em>\u00a0(R\u00e9seau juridique canadien VIH\/sida, 2016)<\/li>\n<li><em><a href=\"http:\/\/www.consentfilm.org\/consent-film\/wp-content\/uploads\/2016\/03\/consent_workshop_FR_feb25.pdf\">Que signifie r\u00e9ellement consentir?\u00a0Repenser la non-divulgation du VIH et l\u2019agression sexuelle \u00bb\u00a0: un\u00a0rapport de r\u00e9union<\/a>\u00a0<\/em>(R\u00e9seau juridique canadien VIH\/sida, 2014)<\/li>\n<\/ul>\n<p><strong>Ressources communautaires :<\/strong><\/p>\n<ul>\n<li><em><a href=\"http:\/\/www.iamicw.org\/resources\/document-library\/criminalization-of-women-living-with-hiv-non-disclosure-exposure-and-transmission\">Criminalization of Women Living with HIV: Non-disclosure, Exposure and Transmission<\/a><\/em> (International Community of Women Living with HIV, Issue Paper 2, 2015)<\/li>\n<li><em><a href=\"http:\/\/librarypdf.catie.ca\/pdf\/ATI-20000s\/26526.pdf\" target=\"_blank\" rel=\"noopener noreferrer\">HIV Disclosure: Figuring out How to Tell Romantic &amp; Sexual Partners<\/a><\/em> (Positive Women\u2019s Network, 2015)<\/li>\n<li><em><a href=\"http:\/\/www.hivlegalnetwork.ca\/site\/hiv-disclosure-to-sexual-partners-qa-for-newcomers\/?lang=fr\" target=\"_blank\" rel=\"noopener noreferrer\">La divulgation du VIH aux partenaires sexuels : Questions et r\u00e9ponses pour les nouveaux arrivants<\/a><\/em> (R\u00e9seau juridique canadien VIH\/sida, 2014)<\/li>\n<li><em><a href=\"http:\/\/www.hivlegalnetwork.ca\/site\/criminal-law-and-hiv\/?lang=fr\" target=\"_blank\" rel=\"noopener noreferrer\">Le droit criminel et la non-divulgation du VIH au Canada<\/a><\/em> (R\u00e9seau juridique canadien VIH\/sida, 2014)<\/li>\n<li><a href=\"http:\/\/www.hivlegalnetwork.ca\/site\/hiv-non-disclosure-and-criminal-law-implications-of-recent-supreme-court-of-canada-decisions-for-people-living-with-hiv\/?lang=fr\" target=\"_blank\" rel=\"noopener noreferrer\"><em>La non-divulgation du VIH et le droit criminel : Implications pratiques des r\u00e9centes d\u00e9cisions de la Cour supr\u00eame du Canada pour les personnes vivant avec le VIH<\/em><\/a>\u00a0(R\u00e9seau juridique canadien VIH\/sida, 2012)<\/li>\n<li><em><a href=\"http:\/\/www.hivlegalnetwork.ca\/site\/women-and-hiv-women-and-the-criminalization-of-hiv-non-disclosure\/?lang=fr\" target=\"_blank\" rel=\"noopener noreferrer\">Les femmes et la criminalisation de la non-divulgation de la s\u00e9ropositivit\u00e9 au VIH<\/a>\u00a0<\/em>(R\u00e9seau juridique canadien VIH\/sida, 2012)<\/li>\n<li><em><a href=\"http:\/\/www.hivlegalnetwork.ca\/site\/privacy-and-disclosure-questions-and-answers-on-hiv-related-privacy-and-disclosure-issues-for-womens-service-providers\/?lang=fr\" target=\"_blank\" rel=\"noopener noreferrer\">La confidentialit\u00e9 et la divulgation : questions et r\u00e9ponses en lien avec le VIH et les questions de divulgation, \u00e0 l\u2019intention des fournisseurs de services aux femmes<\/a><\/em>\u00a0(R\u00e9seau juridique canadien VIH\/sida, 2012)<\/li>\n<li><a href=\"http:\/\/www.hivlegalnetwork.ca\/site\/women-and-hiv-women-and-hiv-testing\/?lang=fr\" target=\"_blank\" rel=\"noopener noreferrer\"><em>Les femmes et le test de s\u00e9rodiagnostic du VIH<\/em><\/a>\u00a0(R\u00e9seau juridique canadien VIH\/sida, 2012)<\/li>\n<\/ul>\n<p><strong>Articles de\u00a0revues et chapitres de livre :<\/strong><\/p>\n<ul>\n<li>P. Allard, C. Kazatchkine &amp; A. Symington, \u201cCriminal prosecutions for HIV non-disclosure: Protecting women from infection or threatening prevention efforts? in. J. Gahagan (ed) <em>Women and HIV Prevention in Canada: Implications for Research, Policy, and Practice<\/em> (Toronto: Women\u2019s Press, 2013): 195\u2013218. [<span class=\"hps\">Vous trouverez la publication compl\u00e8te\u00a0<\/span>\u00e0\u00a0<a href=\"http:\/\/womenspress.cspi.org\/books\/women-and-hiv-prevention-in-canada\">http:\/\/womenspress.cspi.org\/books\/women-and-hiv-prevention-in-canada<\/a>.]<\/li>\n<li>K.S. Buchanan, \u201cWhen is HIV a Crime? Sexuality, Gender and Consent,\u201d <em>Minnesota Law Review<\/em> 99 (2015): 1231.<\/li>\n<li>I. Grant, \u201cThe prosecution of non-disclosure of HIV in Canada: Time to rethink <em>Cuerrier<\/em>,\u201d <em>McGill Journal of Law and Health<\/em> 5 (2011): 7\u201359.<\/li>\n<li>I. Grant, M. Shaffer &amp; A. Symington, \u201c<a href=\"http:\/\/www.consentfilm.org\/consent-film\/wp-content\/uploads\/2015\/09\/Focus-R-v-Mabior-and-R-v-DC-Sex-HIV-and-Non-Disclosure-Take-Two.pdf\">Focus: <em>R v Mabior<\/em> and <em>R v DC<\/em>: \u00a0Sex, HIV, and Non-Disclosure, Take Two<\/a>,\u201d <em>University of Toronto Law Journal<\/em> 63 (2013): 462\u2013495.<\/li>\n<li>S. Greene, et al. \u201c(M)othering with HIV: Resisting and Reconstructing Experiences of Health and Social Surveillance,\u201d in B. Hogeveen &amp; J. Minaker (eds), <em>Criminalized Mothers, Criminalizing Motherhood <\/em>\u00a0(Toronto: Demeter Press, 2015), 231-263.<\/li>\n<li>C. Kazatchkine,\u00a0R. Elliott, A. Symington, R. Peck, J. G. Betteridge, and S. Claivaz-Loranger, \u201cHIV non-disclosure and the criminal law: An analysis of two recent decisions of the Supreme Court of Canada,\u201d <em>The Criminal Law Quarterly<\/em> 60 (2013): 30\u201340.<\/li>\n<li>C. Matthen &amp; M. Plaxton, \u201cHIV, Consent and Criminal Wrongs,\u201d <em>The Criminal Law <\/em><em>Quarterly <\/em>57 (2001): 464-485.<\/li>\n<li>E. MacKinnon &amp; C. Crompton, \u201cThe Gender of Lying: Feminist Perspectives on the Non-Disclosure of HIV Status,\u201d <em>University of British Columbia Law Review<\/em> 45 (2012): 407\u2013449.<\/li>\n<li>E. Mykhalovskiy (ed), \u201cThe Public Health Implications of HIV Criminalization: Past, Current, and Future Directions,\u201d Special Issue, <em>Critical Public Health<\/em> 25 (2015).<\/li>\n<li>S. Patterson, et al., \u201cThe impact of criminalization of HIV non-disclosure on the healthcare engagement of women living with HIV in Canada: a comprehensive review of the evidence,\u201d <em>Journal of the International AIDS Society <\/em>18 (2015): 20572.<\/li>\n<li>A. Symington, \u201cHIV exposure as assault: Progressive development or misplaced focus?\u201d in E. Sheehy (ed), <em>Sexual Assault in Canada: Law, Legal Practice and Women\u2019s Activism<\/em> (Ottawa: University of Ottawa Press, 2012), 635\u2013664.<\/li>\n<\/ul>\n<p><strong>Les sites web et les organisations pertinents :<\/strong><\/p>\n<ul>\n<li><a href=\"http:\/\/tracons-les-limites.ca\/\" target=\"_blank\" rel=\"noopener noreferrer\">Tra\u00e7ons-les-limites<\/a><\/li>\n<li><a href=\"http:\/\/www.hivjustice.net\/\">HIV Justice Network<\/a><\/li>\n<li><a href=\"http:\/\/www.iamicw.org\/\">International Community of Women Living with HIV<\/a><\/li>\n<li><a href=\"http:\/\/pwn.bc.ca\/\">Positive Women\u2019s Network<\/a><\/li>\n<li><a href=\"http:\/\/www.gshi.cfenet.ubc.ca\/women-hiv-and-law-project#.VpV3gfkrKM8\">Research Roundtable on Criminalization of HIV and Women in BC: Setting Research Priorities for Policy and Advocacy<\/a><\/li>\n<\/ul>\n<p><strong>Autres :<\/strong><\/p>\n<ul>\n<li><em><a href=\"http:\/\/www.hindawi.com\/journals\/cjidmm\/2014\/498459\/abs\/\" target=\"_blank\" rel=\"noopener noreferrer\">\u00c9nonc\u00e9 de consensus canadien sur le VIH et sa transmission dans le contexte du droit criminal<\/a><\/em><\/li>\n<li><a href=\"https:\/\/www.canlii.org\/fr\/ca\/csc\/doc\/1999\/1999canlii711\/1999canlii711.html\" target=\"_blank\" rel=\"noopener noreferrer\">R. c. Ewanchuk, [1999] 1 RCS 330, 1999 CanLII 711 (CSC)<\/a><\/li>\n<li><a href=\"http:\/\/www.canlii.org\/fr\/ca\/csc\/doc\/2012\/2012csc48\/2012csc48.html\" target=\"_blank\" rel=\"noopener noreferrer\">R. c. D.C., [2012] 2 RCS 626, 2012 CSC 48 (CanLII)<\/a><\/li>\n<li><a href=\"http:\/\/www.canlii.org\/fr\/ca\/csc\/doc\/2014\/2014csc19\/2014csc19.html\" target=\"_blank\" rel=\"noopener noreferrer\">R. c. Hutchinson, [2014] 1 RCS 346, 2014 CSC 19 (CanLII)<\/a><\/li>\n<li><a href=\"http:\/\/www.canlii.org\/fr\/ca\/csc\/doc\/2012\/2012csc47\/2012csc47.html\" target=\"_blank\" rel=\"noopener noreferrer\">R. c. Mabior, [2012] 2 RCS 584, 2012 CSC 47 (CanLII)<\/a><\/li>\n<li><a href=\"http:\/\/www.femmesseropositiveslefilm.org\/\" target=\"_blank\" rel=\"noopener noreferrer\"><em>Femmes et s\u00e9ropositives : D\u00e9non\u00e7ons l\u2019injustice<\/em><\/a> [film] (R\u00e9seau juridique canadien VIH\/sida\u00a0&amp; Goldelox Productions, 2012)<\/li>\n<\/ul>\n<p><\/p>","protected":false},"excerpt":{"rendered":"<p>Ressources connexes au\u00a0film\u00a0Consentement\u00a0: Consentement : Guide de discussion communautaire\u00a0(R\u00e9seau juridique canadien VIH\/sida, 2016) Que signifie r\u00e9ellement consentir?\u00a0Repenser la non-divulgation du VIH et l\u2019agression sexuelle \u00bb\u00a0: un\u00a0rapport de r\u00e9union\u00a0(R\u00e9seau juridique canadien VIH\/sida, 2014) Ressources communautaires : Criminalization of Women Living with HIV: Non-disclosure, Exposure and Transmission (International Community of Women Living with HIV, Issue Paper 2, [&hellip;]<\/p>\n","protected":false},"author":1,"featured_media":0,"parent":0,"menu_order":15,"comment_status":"closed","ping_status":"closed","template":"","meta":{"footnotes":""},"class_list":["post-47","page","type-page","status-publish","hentry"],"_links":{"self":[{"href":"https:\/\/www.consentfilm.org\/fr\/wp-json\/wp\/v2\/pages\/47","targetHints":{"allow":["GET"]}}],"collection":[{"href":"https:\/\/www.consentfilm.org\/fr\/wp-json\/wp\/v2\/pages"}],"about":[{"href":"https:\/\/www.consentfilm.org\/fr\/wp-json\/wp\/v2\/types\/page"}],"author":[{"embeddable":true,"href":"https:\/\/www.consentfilm.org\/fr\/wp-json\/wp\/v2\/users\/1"}],"replies":[{"embeddable":true,"href":"https:\/\/www.consentfilm.org\/fr\/wp-json\/wp\/v2\/comments?post=47"}],"version-history":[{"count":26,"href":"https:\/\/www.consentfilm.org\/fr\/wp-json\/wp\/v2\/pages\/47\/revisions"}],"predecessor-version":[{"id":260,"href":"https:\/\/www.consentfilm.org\/fr\/wp-json\/wp\/v2\/pages\/47\/revisions\/260"}],"wp:attachment":[{"href":"https:\/\/www.consentfilm.org\/fr\/wp-json\/wp\/v2\/media?parent=47"}],"curies":[{"name":"wp","href":"https:\/\/api.w.org\/{rel}","templated":true}]}}