{"id":45,"date":"2015-09-23T18:22:52","date_gmt":"2015-09-23T22:22:52","guid":{"rendered":"http:\/\/www.consentfilm.org\/consent-film\/?page_id=45"},"modified":"2020-10-07T23:25:47","modified_gmt":"2020-10-08T03:25:47","slug":"about-the-issue","status":"publish","type":"page","link":"https:\/\/www.consentfilm.org\/fr\/about-the-issue\/","title":{"rendered":"Informations sur l\u2019enjeu"},"content":{"rendered":"<p><\/p>\n<h2>La criminalisation de la non-divulgation du VIH<\/h2>\n<p>Au Canada, une personne vivant avec le VIH qui ne divulgue pas sa s\u00e9ropositivit\u00e9 au VIH \u00e0 un partenaire sexuel avant d\u2019avoir une activit\u00e9 sexuelle comportant ce que les cours appellent une \u00ab\u00a0possibilit\u00e9 r\u00e9aliste de transmission\u00a0\u00bb peut \u00eatre accus\u00e9e d\u2019agression sexuelle grave. Cela d\u00e9coule d\u2019une disposition du <em>Code criminel<\/em> qui stipule que le consentement obtenu par fraude est vici\u00e9, et d\u2019une d\u00e9cision de la Cour supr\u00eame du Canada selon laquelle ne pas divulguer sa s\u00e9ropositivit\u00e9 au VIH en pr\u00e9sence d\u2019un \u00ab\u00a0risque important de l\u00e9sions corporelles graves\u00a0\u00bb constitue une forme de fraude.<\/p>\n<p>Le R\u00e9seau juridique VIH (anciennement le \u00ab R\u00e9seau juridique canadien VIH\/sida \u00bb) examine les implications du recours \u00e0 la loi sur l\u2019agression sexuelle dans des poursuites pour non-divulgation du VIH, consid\u00e9rant les diff\u00e9rences marqu\u00e9es entre les types de comportements habituellement qualifi\u00e9s d\u2019agression sexuelle (y compris le viol) et les cas de non-divulgation du VIH. Cette analyse d\u00e9montre que le recours \u00e0 la loi sur l\u2019agression sexuelle dans le contexte de la non-divulgation du VIH \u2014 o\u00f9 l\u2019activit\u00e9 sexuelle est consensuelle, outre la non-divulgation \u2014 n\u2019est pas appropri\u00e9 et peut avoir un impact n\u00e9faste sur la loi sur l\u2019agression sexuelle en tant qu\u2019outil pour faire avancer l\u2019\u00e9galit\u00e9 des genres et contrer la violence sexosp\u00e9cifique.<\/p>\n<p><a href=\"https:\/\/www.youtube.com\/playlist?list=PLuJOHrWHz9AexTOyI66AKY4itZMaXFJfQ\" target=\"_blank\" rel=\"noopener noreferrer\"><img loading=\"lazy\" decoding=\"async\" class=\"alignleft wp-image-99 size-full\" src=\"http:\/\/www.consentfilm.org\/consent-film\/wp-content\/uploads\/2015\/09\/sex-criminal-law-and-HIV-disclosure.jpg\" alt=\"Droit criminel, sexe et non-divulgation du VIH\" width=\"120\" height=\"67\" \/><\/a>\u00a0<a href=\"https:\/\/www.youtube.com\/playlist?list=PLuJOHrWHz9AexTOyI66AKY4itZMaXFJfQ\" target=\"_blank\" rel=\"noopener noreferrer\">Droit criminel, sexe et non-divulgation du VIH<\/a><\/p>","protected":false},"excerpt":{"rendered":"<p>La criminalisation de la non-divulgation du VIH Au Canada, une personne vivant avec le VIH qui ne divulgue pas sa s\u00e9ropositivit\u00e9 au VIH \u00e0 un partenaire sexuel avant d\u2019avoir une activit\u00e9 sexuelle comportant ce que les cours appellent une \u00ab\u00a0possibilit\u00e9 r\u00e9aliste de transmission\u00a0\u00bb peut \u00eatre accus\u00e9e d\u2019agression sexuelle grave. Cela d\u00e9coule d\u2019une disposition du Code [&hellip;]<\/p>\n","protected":false},"author":1,"featured_media":0,"parent":0,"menu_order":12,"comment_status":"closed","ping_status":"closed","template":"","meta":{"footnotes":""},"class_list":["post-45","page","type-page","status-publish","hentry"],"_links":{"self":[{"href":"https:\/\/www.consentfilm.org\/fr\/wp-json\/wp\/v2\/pages\/45","targetHints":{"allow":["GET"]}}],"collection":[{"href":"https:\/\/www.consentfilm.org\/fr\/wp-json\/wp\/v2\/pages"}],"about":[{"href":"https:\/\/www.consentfilm.org\/fr\/wp-json\/wp\/v2\/types\/page"}],"author":[{"embeddable":true,"href":"https:\/\/www.consentfilm.org\/fr\/wp-json\/wp\/v2\/users\/1"}],"replies":[{"embeddable":true,"href":"https:\/\/www.consentfilm.org\/fr\/wp-json\/wp\/v2\/comments?post=45"}],"version-history":[{"count":7,"href":"https:\/\/www.consentfilm.org\/fr\/wp-json\/wp\/v2\/pages\/45\/revisions"}],"predecessor-version":[{"id":259,"href":"https:\/\/www.consentfilm.org\/fr\/wp-json\/wp\/v2\/pages\/45\/revisions\/259"}],"wp:attachment":[{"href":"https:\/\/www.consentfilm.org\/fr\/wp-json\/wp\/v2\/media?parent=45"}],"curies":[{"name":"wp","href":"https:\/\/api.w.org\/{rel}","templated":true}]}}