{"id":9,"date":"2015-09-22T15:27:54","date_gmt":"2015-09-22T19:27:54","guid":{"rendered":"http:\/\/www.consentfilm.org\/consent-film\/?page_id=9"},"modified":"2020-10-07T23:23:43","modified_gmt":"2020-10-08T03:23:43","slug":"home","status":"publish","type":"page","link":"http:\/\/www.consentfilm.org\/fr\/","title":{"rendered":"Consentement : La non-divulgation du VIH et la loi sur l\u2019agression sexuelle"},"content":{"rendered":"<p><\/p>\n<h2 style=\"margin-top: -20px; padding-bottom: 30px;\">Un film documentaire produit par le R\u00e9seau juridique VIH (anciennement le \u00ab R\u00e9seau juridique canadien VIH\/sida \u00bb) et Goldelox Productions (2015)<\/h2>\n<p>Dans leurs propres mots, huit femmes \u2014 \u00e9minentes universitaires f\u00e9ministes, avocates et personnes vivant avec le VIH \u2014 jettent un \u00e9clairage sur les probl\u00e8mes que soul\u00e8ve le recours \u00e0 la loi sur l\u2019agression sexuelle dans des poursuites pour des all\u00e9gations de non-divulgation du VIH. Le concept juridique du consentement, con\u00e7u pour prot\u00e9ger l\u2019autonomie sexuelle des femmes, accro\u00eet-il en r\u00e9alit\u00e9 leur risque de violence et de discrimination, lorsqu\u2019il est utilis\u00e9 pour criminaliser le VIH?<\/p>\n<p><img loading=\"lazy\" decoding=\"async\" class=\"alignnone wp-image-67 size-full\" src=\"http:\/\/www.consentfilm.org\/consent-film\/wp-content\/uploads\/2015\/09\/consent-film-image.jpg\" alt=\"Consentement\" width=\"525\" height=\"279\" srcset=\"http:\/\/www.consentfilm.org\/consent-film\/wp-content\/uploads\/2015\/09\/consent-film-image.jpg 525w, http:\/\/www.consentfilm.org\/consent-film\/wp-content\/uploads\/2015\/09\/consent-film-image-300x159.jpg 300w\" sizes=\"auto, (max-width: 525px) 100vw, 525px\" \/><\/p>\n<p><a href=\"http:\/\/www.consentfilm.org\/consent-film\/wp-content\/uploads\/2016\/02\/DVD-order_form-FRA_Feb20161.pdf\" target=\"_blank\" rel=\"noopener noreferrer\"><img loading=\"lazy\" decoding=\"async\" class=\"alignnone size-full wp-image-203\" src=\"http:\/\/www.consentfilm.org\/consent-film\/wp-content\/uploads\/2015\/09\/Formulaire.jpg\" alt=\"Formulaire\" width=\"169\" height=\"55\" \/><\/a><\/p>","protected":false},"excerpt":{"rendered":"<p>Un film documentaire produit par le R\u00e9seau juridique VIH (anciennement le \u00ab R\u00e9seau juridique canadien VIH\/sida \u00bb) et Goldelox Productions (2015) Dans leurs propres mots, huit femmes \u2014 \u00e9minentes universitaires f\u00e9ministes, avocates et personnes vivant avec le VIH \u2014 jettent un \u00e9clairage sur les probl\u00e8mes que soul\u00e8ve le recours \u00e0 la loi sur l\u2019agression sexuelle [&hellip;]<\/p>\n","protected":false},"author":1,"featured_media":0,"parent":0,"menu_order":0,"comment_status":"closed","ping_status":"closed","template":"","meta":{"footnotes":""},"class_list":["post-9","page","type-page","status-publish","hentry"],"_links":{"self":[{"href":"http:\/\/www.consentfilm.org\/fr\/wp-json\/wp\/v2\/pages\/9","targetHints":{"allow":["GET"]}}],"collection":[{"href":"http:\/\/www.consentfilm.org\/fr\/wp-json\/wp\/v2\/pages"}],"about":[{"href":"http:\/\/www.consentfilm.org\/fr\/wp-json\/wp\/v2\/types\/page"}],"author":[{"embeddable":true,"href":"http:\/\/www.consentfilm.org\/fr\/wp-json\/wp\/v2\/users\/1"}],"replies":[{"embeddable":true,"href":"http:\/\/www.consentfilm.org\/fr\/wp-json\/wp\/v2\/comments?post=9"}],"version-history":[{"count":18,"href":"http:\/\/www.consentfilm.org\/fr\/wp-json\/wp\/v2\/pages\/9\/revisions"}],"predecessor-version":[{"id":258,"href":"http:\/\/www.consentfilm.org\/fr\/wp-json\/wp\/v2\/pages\/9\/revisions\/258"}],"wp:attachment":[{"href":"http:\/\/www.consentfilm.org\/fr\/wp-json\/wp\/v2\/media?parent=9"}],"curies":[{"name":"wp","href":"https:\/\/api.w.org\/{rel}","templated":true}]}}