{"id":53,"date":"2015-09-23T18:29:01","date_gmt":"2015-09-23T22:29:01","guid":{"rendered":"http:\/\/www.consentfilm.org\/consent-film\/?page_id=53"},"modified":"2020-10-07T23:36:38","modified_gmt":"2020-10-08T03:36:38","slug":"donate","status":"publish","type":"page","link":"http:\/\/www.consentfilm.org\/fr\/donate\/","title":{"rendered":"Faire un don"},"content":{"rendered":"<p>Les dons au Le R\u00e9seau juridique VIH nous permettent de continuer notre travail de d\u00e9fense des droits humains et de la dignit\u00e9 des personnes les plus vuln\u00e9rables au Canada et dans le monde. Le documentaire <em>Consentement\u00a0: La non-divulgation du VIH et la loi sur l\u2019agression sexuelle<\/em> n\u2019est qu\u2019un exemple de notre travail\u00a0: un puissant outil de plaidoyer, qui aborde les raisons pour lesquelles la non-divulgation du VIH est trait\u00e9e comme une agression sexuelle et les mani\u00e8res par lesquelles nous pouvons contester ce cadre juridique probl\u00e9matique en collaboration avec des universitaires f\u00e9ministes et des intervenants contre la violence \u00e0 l\u2019endroit des femmes.\u00a0<a href=\"https:\/\/www.gifttool.com\/donations\/Donate?ID=2243&amp;AID=3901\" target=\"_blank\" rel=\"noopener noreferrer\">Faites un don d\u00e8s aujourd\u2019hui<\/a>\u00a0et aidez-nous \u00e0 faire changer les lois qui nuisent aux femmes et \u00e0 toutes les personnes vivant avec le VIH et vuln\u00e9rables \u00e0 celui-ci.<\/p>","protected":false},"excerpt":{"rendered":"<p>Les dons au Le R\u00e9seau juridique VIH nous permettent de continuer notre travail de d\u00e9fense des droits humains et de la dignit\u00e9 des personnes les plus vuln\u00e9rables au Canada et dans le monde. Le documentaire Consentement\u00a0: La non-divulgation du VIH et la loi sur l\u2019agression sexuelle n\u2019est qu\u2019un exemple de notre travail\u00a0: un puissant outil [&hellip;]<\/p>\n","protected":false},"author":1,"featured_media":0,"parent":0,"menu_order":24,"comment_status":"closed","ping_status":"closed","template":"","meta":{"footnotes":""},"class_list":["post-53","page","type-page","status-publish","hentry"],"_links":{"self":[{"href":"http:\/\/www.consentfilm.org\/fr\/wp-json\/wp\/v2\/pages\/53","targetHints":{"allow":["GET"]}}],"collection":[{"href":"http:\/\/www.consentfilm.org\/fr\/wp-json\/wp\/v2\/pages"}],"about":[{"href":"http:\/\/www.consentfilm.org\/fr\/wp-json\/wp\/v2\/types\/page"}],"author":[{"embeddable":true,"href":"http:\/\/www.consentfilm.org\/fr\/wp-json\/wp\/v2\/users\/1"}],"replies":[{"embeddable":true,"href":"http:\/\/www.consentfilm.org\/fr\/wp-json\/wp\/v2\/comments?post=53"}],"version-history":[{"count":4,"href":"http:\/\/www.consentfilm.org\/fr\/wp-json\/wp\/v2\/pages\/53\/revisions"}],"predecessor-version":[{"id":264,"href":"http:\/\/www.consentfilm.org\/fr\/wp-json\/wp\/v2\/pages\/53\/revisions\/264"}],"wp:attachment":[{"href":"http:\/\/www.consentfilm.org\/fr\/wp-json\/wp\/v2\/media?parent=53"}],"curies":[{"name":"wp","href":"https:\/\/api.w.org\/{rel}","templated":true}]}}